{"id":3543,"date":"2015-08-13T14:13:48","date_gmt":"2015-08-13T14:13:48","guid":{"rendered":"http:\/\/www.hotelpic.it\/de\/spa-home\/"},"modified":"2023-10-25T09:58:51","modified_gmt":"2023-10-25T07:58:51","slug":"spa-home","status":"publish","type":"page","link":"https:\/\/www.ciasaweber.com\/de\/","title":{"rendered":"Home"},"content":{"rendered":"<div class=\"wpb-content-wrapper\"><p>[vc_row css=&#8220;.vc_custom_1440020874701{margin-bottom: 0px !important;padding-top: 70px !important;padding-bottom: 70px !important;}&#8220;][vc_column css=&#8220;.vc_custom_1449582540166{padding-top: 0px !important;}&#8220;][ultimate_heading main_heading=&#8220;Herzlich Willkommen im Hause &#8222;Ciasa Weber&#8222;&#8220; spacer=&#8220;line_only&#8220; spacer_position=&#8220;middle&#8220; line_height=&#8220;3&#8243; line_color=&#8220;#e89057&#8243; main_heading_margin=&#8220;margin-bottom:20px;&#8220; sub_heading_margin=&#8220;margin-bottom:40px;&#8220; line_width=&#8220;100&#8243; spacer_margin=&#8220;margin-bottom:20px;&#8220; sub_heading_line_height=&#8220;desktop:25px;&#8220; sub_heading_font_size=&#8220;desktop:20px;&#8220;]Unser Haus befindet sich in einer zentralgelegenen Posizion mit sehr viel Gr\u00fcn, ruhig, neben einem \u00f6ffentlichen Spielplatz, von da aus ein f\u00fcnfminutiger Spazierweg ins Dorfzentrum f\u00fchrt.[\/ultimate_heading][vc_row_inner][vc_column_inner width=&#8220;2\/3&#8243;]<span id=\"leap-image-1\" class=\"leap-image  alignright\" ><a data-rel=\"prettyPhoto\" href=\"https:\/\/www.ciasaweber.com\/wp-content\/uploads\/2016\/08\/IMG_1569.jpg\"><img decoding=\"async\" class=\"leap-animate fadeInLeft\" src=\"https:\/\/www.ciasaweber.com\/wp-content\/uploads\/2016\/08\/IMG_1569.jpg\" alt=\"ciasa weber\" style=\"border-width: 1px;border-color: #ffbea1;border-style: solid;padding: 3px;background-color: #ffffff;width: 90%;height: 90%;\" data-wow-offset=\"100\" data-wow-duration=\"1.3s\" data-wow-delay=\"0s\" data-wow-iteration=\"1\"><\/a><\/span>[\/vc_column_inner][vc_column_inner width=&#8220;1\/3&#8243;][ultimate_heading alignment=&#8220;left&#8220; sub_heading_font_size=&#8220;desktop:18px;&#8220; sub_heading_line_height=&#8220;desktop:26px;&#8220;]<\/p>\n<div class=\"email\">Ein confortables Ambient, familier, gepflegt und sehr gem\u00fctlich, da wir nur \u00fcber drei Doppelzimmer verf\u00fcgen. Das Haus hat einen sch\u00f6nen, privaten Garten.<\/div>\n<div class=\"email\"><\/div>\n<div class=\"email\"><\/div>\n<p>[\/ultimate_heading][ultimate_spacer height=&#8220;20&#8243;][ultimate_icon_list icon_size=&#8220;24&#8243; icon_margin=&#8220;14&#8243;][ultimate_icon_list_item icon=&#8220;Defaults-home&#8220; icon_color=&#8220;#ffbea1&#8243;]Strada Valentino Poschiavin 16<br \/>\n38035 Moena (TN)[\/ultimate_icon_list_item][ultimate_icon_list_item icon=&#8220;Defaults-phone&#8220; icon_color=&#8220;#ffbea1&#8243;]+39 0462 573963[\/ultimate_icon_list_item][ultimate_icon_list_item icon=&#8220;Defaults-envelope-o&#8220; icon_color=&#8220;#ffbea1&#8243;]<a href=\"mailto:info@ciasaweber.com\">info@ciasaweber.com<\/a>[\/ultimate_icon_list_item][ultimate_icon_list_item icon=&#8220;Defaults-globe&#8220; icon_color=&#8220;#ffbea1&#8243;]<a href=\"http:\/\/www.ciasaweber.com\">www.ciasaweber.com<\/a>[\/ultimate_icon_list_item][ultimate_icon_list_item icon=&#8220;Defaults-facebook-square&#8220; icon_color=&#8220;#ffbea1&#8243;]<a href=\"https:\/\/www.facebook.com\/ciasaweber\/\" target=\"_blank\" rel=\"noopener noreferrer\">www.facebook.com\/ciasaweber\/<\/a>[\/ultimate_icon_list_item][\/ultimate_icon_list][\/vc_column_inner][\/vc_row_inner][\/vc_column][\/vc_row][vc_row bg_type=&#8220;image&#8220; parallax_style=&#8220;vcpb-default&#8220; bg_image_new=&#8220;id^3490|url^http:\/\/www.ciasaweber.com\/wp-content\/uploads\/2016\/08\/IMG_9443.jpg|caption^null|alt^null|title^IMG_9443|description^null&#8220; bg_image_repeat=&#8220;no-repeat&#8220; bg_img_attach=&#8220;fixed&#8220; bg_override=&#8220;full&#8220; css=&#8220;.vc_custom_1472208485696{margin-bottom: 0px !important;padding-top: 40px !important;padding-bottom: 100px !important;}&#8220; el_id=&#8220;zimmer&#8220;][vc_column][ultimate_spacer height=&#8220;110&#8243;][ultimate_heading main_heading=&#8220;Zimmer&#8220; main_heading_color=&#8220;#ffffff&#8220; sub_heading_color=&#8220;#ffffff&#8220; spacer=&#8220;line_only&#8220; spacer_position=&#8220;middle&#8220; line_height=&#8220;3&#8243; line_color=&#8220;#e89057&#8243; main_heading_margin=&#8220;margin-bottom:20px;&#8220; sub_heading_margin=&#8220;margin-bottom:40px;&#8220; line_width=&#8220;100&#8243; spacer_margin=&#8220;margin-bottom:20px;&#8220; sub_heading_line_height=&#8220;desktop:25px;&#8220; sub_heading_font_size=&#8220;desktop:20px;&#8220;]<\/p>\n<p style=\"text-align: center;\">Alle unsere Zimmer sind mit zwei Betten, eigenem Bad mit Dusche, Mini Bar, Tv-Sat und Wandtresor. Wir erinnern Sie, dass nur drei Doppelbett-Zimmer vorhanden sind.<\/p>\n<p>[\/ultimate_heading][ultimate_spacer height=&#8220;110&#8243;][\/vc_column][\/vc_row][vc_row full_width=&#8220;stretch_row&#8220; css=&#8220;.vc_custom_1458655957582{margin-top: -100px !important;padding-top: 40px !important;padding-bottom: 70px !important;}&#8220;][vc_column css=&#8220;.vc_custom_1458657102153{margin-top: -60px !important;padding-top: 70px !important;padding-bottom: 15px !important;background-color: #ffffff !important;}&#8220;][ultimate_heading heading_tag=&#8220;h4&#8243; sub_heading_font_size=&#8220;desktop:18px;&#8220;]<\/p>\n<p style=\"text-align: center;\">F\u00fcr jedes Zimmer steht ein privater Parkplatz zur Verf\u00fcgung.<\/p>\n<p>[\/ultimate_heading][vc_media_grid style=&#8220;pagination&#8220; items_per_page=&#8220;4&#8243; element_width=&#8220;3&#8243; gap=&#8220;20&#8243; paging_color=&#8220;pink&#8220; loop=&#8220;yes&#8220; item=&#8220;3512&#8243; grid_id=&#8220;vc_gid:1698220706134-f3276732-41da-3&#8243; include=&#8220;3501,3500,3499,3498,3497,3496,3495,3494,3493,3492,3491,3490,3489,3488,3487,3486&#8243;][\/vc_column][\/vc_row][vc_row css=&#8220;.vc_custom_1472033404374{margin-bottom: 0px !important;padding-bottom: 40px !important;}&#8220; el_id=&#8220;stube&#8220;][vc_column width=&#8220;1\/3&#8243;][ultimate_heading main_heading=&#8220;Stube&#8220; spacer=&#8220;line_only&#8220; spacer_position=&#8220;middle&#8220; line_height=&#8220;3&#8243; line_color=&#8220;#e89057&#8243; main_heading_margin=&#8220;margin-bottom:20px;&#8220; sub_heading_margin=&#8220;margin-bottom:40px;&#8220; line_width=&#8220;100&#8243; spacer_margin=&#8220;margin-bottom:20px;&#8220; sub_heading_line_height=&#8220;desktop:26px;&#8220; sub_heading_font_size=&#8220;desktop:18px;&#8220;]<\/p>\n<p style=\"text-align: justify;\">F\u00fcr unsere G\u00e4ste steht eine gem\u00fctliche alte Bauernstube zur Verf\u00fcgung, wo Fr\u00fchst\u00fcck (Buffet) gem\u00fctliche und angenehme Momente in Harmonie verbracht werden k\u00f6nnen. Eine sehr warme und intime Ecke unserer get\u00e4felten Bauernstube.<\/p>\n<p>[\/ultimate_heading][\/vc_column][vc_column width=&#8220;2\/3&#8243;][vc_masonry_media_grid element_width=&#8220;3&#8243; gap=&#8220;10&#8243; item=&#8220;3512&#8243; initial_loading_animation=&#8220;fadeIn&#8220; grid_id=&#8220;vc_gid:1698220706139-f42d588e-8504-8&#8243; include=&#8220;3485,3484,3483,3482,3480,3479,3478,3477&#8243;][\/vc_column][\/vc_row][vc_row full_width=&#8220;stretch_row_content_no_spaces&#8220; opn_row_id=&#8220;dove&#8220; bg_type=&#8220;bg_color&#8220; bg_override=&#8220;full&#8220; css=&#8220;.vc_custom_1472208504335{margin-bottom: 0px !important;}&#8220; bg_color_value=&#8220;#ffffff&#8220; el_id=&#8220;wo&#8220;][vc_column width=&#8220;1\/2&#8243; offset=&#8220;vc_col-lg-6&#8243; css=&#8220;.vc_custom_1449571941145{padding-top: 0px !important;}&#8220;][vc_gmaps link=&#8220;#E-8_JTNDaWZyYW1lJTIwc3JjJTNEJTIyaHR0cHMlM0ElMkYlMkZ3d3cuZ29vZ2xlLmNvbSUyRm1hcHMlMkZlbWJlZCUzRnBiJTNEJTIxMW0xOCUyMTFtMTIlMjExbTMlMjExZDE5NDYuNTc3NzQ5NzAzNzQzNiUyMTJkMTEuNjU2MzMyNzI3ODg2NjAyJTIxM2Q0Ni4zNzE4MzUxODI5MTMwNCUyMTJtMyUyMTFmMCUyMTJmMCUyMTNmMCUyMTNtMiUyMTFpMTAyNCUyMTJpNzY4JTIxNGYxMy4xJTIxM20zJTIxMW0yJTIxMXMweDAlMjUzQTB4NTJjOWNiYjdmNjFmNGQ2ZCUyMTJzQiUyNTI2QiUyQkNpYXNhJTJCV2ViZXIlMjE1ZTAlMjEzbTIlMjExc2l0JTIxMnNpdCUyMTR2MTQ3MjAzNDIxMTM2MSUyMiUyMHdpZHRoJTNEJTIyMTAwJTI1JTIyJTIwaGVpZ2h0JTNEJTIyNDUwJTIyJTIwZnJhbWVib3JkZXIlM0QlMjIwJTIyJTIwc3R5bGUlM0QlMjJib3JkZXIlM0EwJTIyJTIwYWxsb3dmdWxsc2NyZWVuJTNFJTNDJTJGaWZyYW1lJTNF&#8220; css=&#8220;.vc_custom_1472035858524{margin-bottom: 0px !important;padding-bottom: 0px !important;}&#8220;][\/vc_column][vc_column width=&#8220;1\/2&#8243; css=&#8220;.vc_custom_1472035814493{padding-top: 40px !important;padding-right: 25px !important;padding-left: 25px !important;}&#8220; offset=&#8220;vc_col-lg-5&#8243;][ultimate_heading main_heading=&#8220;Wo wir sind&#8220; spacer=&#8220;line_only&#8220; spacer_position=&#8220;middle&#8220; line_height=&#8220;3&#8243; line_color=&#8220;#e89057&#8243; main_heading_margin=&#8220;margin-bottom:20px;&#8220; line_width=&#8220;100&#8243; spacer_margin=&#8220;margin-bottom:20px;&#8220; sub_heading_font_size=&#8220;desktop:18px;&#8220; sub_heading_line_height=&#8220;desktop:26px;&#8220;]<\/p>\n<p style=\"text-align: justify;\">Die Lage unseres Hauses &#8222;Ciasa Weber&#8220; ist Zentral, in ruhiger und gr\u00fcner Zone, in der N\u00e4he eines Gemeindespielplatzes von da ein Spazierweg (5 min.) ins Dorfzentrum bringt.<\/p>\n<p style=\"text-align: justify;\">Mit dem Auto erreicht man in 5 min. die Lifte des Schigebietes&#8220;Alpe-Lusia&#8220; verbunden mit &#8222;Bellamonte-Predazzo&#8220; und in 10 min. das Schigebiet &#8222;Passo-San Pellegrino&#8220;, sowie auch das Schikarosell &#8222;Pampeago-Obereggen immer in 10 min.<br \/>\nIn ca 20 min. erreicht man die Talstazion, von da die &#8222;Sellaronda&#8220; und &#8222;Vier P\u00e4sse-Runde beginnt.<\/p>\n<p>[\/ultimate_heading][\/vc_column][\/vc_row][vc_row full_width=&#8220;stretch_row&#8220; opn_row_id=&#8220;prenota&#8220; css=&#8220;.vc_custom_1472208540163{margin-bottom: 0px !important;padding-top: 50px !important;padding-bottom: 50px !important;background-color: #e4b79a !important;}&#8220; el_id=&#8220;buchen&#8220;][vc_column css=&#8220;.vc_custom_1449572382514{padding-top: 0px !important;}&#8220;][ultimate_heading main_heading=&#8220;Buchungsanfrage&#8220; main_heading_color=&#8220;#ffffff&#8220; spacer=&#8220;line_only&#8220; spacer_position=&#8220;middle&#8220; line_height=&#8220;3&#8243; line_color=&#8220;#e89057&#8243; main_heading_margin=&#8220;margin-bottom:30px;&#8220; line_width=&#8220;103&#8243;]<\/p>\n<p>&nbsp;<\/p>\n<p><span style=\"font-size: 14pt;\">Um zu buchen, senden Sie uns bitte eine E-Mail mit Angabe des betreffenden Zeitraums und der Anzahl der Interessenten unter <a href=\"mailto:info@ciasaweber.com\">info@ciasaweber.com<\/a>.<\/span><br \/>\n<span style=\"font-size: 14pt;\">Wir werden uns so schnell wie m\u00f6glich bei Ihnen melden.<\/span>[\/ultimate_heading][\/vc_column][\/vc_row][vc_row el_id=&#8220;preise&#8220;][vc_column]<div id=\"tagline-box-1\" class=\"tagline-box tagline-3 text-center  leap-animate fadeIn\" data-wow-offset=\"100\" data-wow-duration=\"1s\" data-wow-delay=\"0s\" data-wow-iteration=\"1\"><style type=\"text\/css\" scoped>\n\t\t\t#tagline-box-1 {\n\t\t\t\tbackground-color: ;\n\t\t\t\tborder-width: 1px;\n\t\t\t\tborder-color: #dd7a7a;\n\t\t\t\tborder-style: solid;\n\t\t\t}\n\t\t\t#tagline-box-1 h2.tagline-title {\n\t\t\t\tcolor: ;\n\t\t\t}\n\t\t\t#tagline-box-1 .tagline-content {\n\t\t\t\tcolor: ;\n\t\t\t}\n\t\t<\/style><h2 class=\"tagline-title\"><\/h2><div class=\"tagline-content\"><\/p>\n<p style=\"text-align: center;\">Die Preise verstehen sich pro Doppelzimmer inklusive Fr\u00fchst\u00fcck f\u00fcr 2 Personen.<br \/>\nDie Preise gehen von Euro 110,00 bis Euro 120,00.<\/p>\n<p><\/div><\/div>[vc_masonry_media_grid element_width=&#8220;2&#8243; gap=&#8220;10&#8243; item=&#8220;3512&#8243; initial_loading_animation=&#8220;fadeIn&#8220; grid_id=&#8220;vc_gid:1698220706141-08005ade-ed90-6&#8243; include=&#8220;3476,3475,3474,3472,3471,3469&#8243;][vc_empty_space height=&#8220;60px&#8220;][\/vc_column][\/vc_row]<\/p>\n<\/div>","protected":false},"excerpt":{"rendered":"<p>[vc_row css=&#8220;.vc_custom_1440020874701{margin-bottom: 0px !important;padding-top: 70px !important;padding-bottom: 70px !important;}&#8220;][vc_column css=&#8220;.vc_custom_1449582540166{padding-top: 0px !important;}&#8220;][ultimate_heading main_heading=&#8220;Herzlich Willkommen im Hause &#8222;Ciasa Weber&#8222;&#8220; spacer=&#8220;line_only&#8220; spacer_position=&#8220;middle&#8220; line_height=&#8220;3&#8243; line_color=&#8220;#e89057&#8243; main_heading_margin=&#8220;margin-bottom:20px;&#8220; sub_heading_margin=&#8220;margin-bottom:40px;&#8220; line_width=&#8220;100&#8243; spacer_margin=&#8220;margin-bottom:20px;&#8220; sub_heading_line_height=&#8220;desktop:25px;&#8220; sub_heading_font_size=&#8220;desktop:20px;&#8220;]Unser Haus befindet sich in einer zentralgelegenen Posizion mit sehr viel Gr\u00fcn, ruhig, neben einem \u00f6ffentlichen Spielplatz, von da aus ein f\u00fcnfminutiger Spazierweg ins&#8230;<\/p>\n","protected":false},"author":1,"featured_media":0,"parent":0,"menu_order":0,"comment_status":"open","ping_status":"open","template":"templates\/home-page.php","meta":{"footnotes":""},"class_list":["post-3543","page","type-page","status-publish","hentry"],"_links":{"self":[{"href":"https:\/\/www.ciasaweber.com\/de\/wp-json\/wp\/v2\/pages\/3543","targetHints":{"allow":["GET"]}}],"collection":[{"href":"https:\/\/www.ciasaweber.com\/de\/wp-json\/wp\/v2\/pages"}],"about":[{"href":"https:\/\/www.ciasaweber.com\/de\/wp-json\/wp\/v2\/types\/page"}],"author":[{"embeddable":true,"href":"https:\/\/www.ciasaweber.com\/de\/wp-json\/wp\/v2\/users\/1"}],"replies":[{"embeddable":true,"href":"https:\/\/www.ciasaweber.com\/de\/wp-json\/wp\/v2\/comments?post=3543"}],"version-history":[{"count":8,"href":"https:\/\/www.ciasaweber.com\/de\/wp-json\/wp\/v2\/pages\/3543\/revisions"}],"predecessor-version":[{"id":3645,"href":"https:\/\/www.ciasaweber.com\/de\/wp-json\/wp\/v2\/pages\/3543\/revisions\/3645"}],"wp:attachment":[{"href":"https:\/\/www.ciasaweber.com\/de\/wp-json\/wp\/v2\/media?parent=3543"}],"curies":[{"name":"wp","href":"https:\/\/api.w.org\/{rel}","templated":true}]}}