{"id":3548,"date":"2016-08-23T12:25:17","date_gmt":"2016-08-23T10:25:17","guid":{"rendered":"http:\/\/www.hotelpic.it\/en\/condizioni-duso\/"},"modified":"2016-08-23T12:25:17","modified_gmt":"2016-08-23T10:25:17","slug":"condizioni-duso","status":"publish","type":"page","link":"https:\/\/www.ciasaweber.com\/en\/condizioni-duso\/","title":{"rendered":"Condizioni d\u2019uso"},"content":{"rendered":"<div class=\"wpb-content-wrapper\"><p>[vc_row][vc_column][vc_column_text]<\/p>\n<p>Il sito internet www.ciasaweber.com (il \u201cSito\u201d) \u00e8 di propriet\u00e0 di Ciasa Weber di K\u00f6ssler Christine \u2013 Strada Valentino Poschiavin &#8211; 38035 MOENA (TN) &#8211; info@ciasaweber.com &#8211; C.F. KSSCRS58R67A332X<\/p>\n<ol>\n<li>Condizioni<\/li>\n<\/ol>\n<p>LA PREGHIAMO DI LEGGERE ATTENTAMENTE QUESTI TERMINI D\u2019USO PRIMA DI UTILIZZARE IL SITO.<\/p>\n<p>Utilizzando il Sito Lei esprime il suo consenso a questi termini d\u2019uso. La non accettazione dei presenti termini d\u2019uso comporta l\u2019impossibilit\u00e0 ad utilizzare il Sito. Ciasa Weber si riserva il diritto di apportare in qualsiasi momento e senza preavviso modifiche e\/o aggiornamenti alle condizioni d\u2019uso del Sito qui previste che, continuando a utilizzare il Sito, Lei accetta sin d\u2019ora.<\/p>\n<ol start=\"2\">\n<li>Contenuti \u2013 Propriet\u00e0 intellettuale<\/li>\n<\/ol>\n<p>Tutte le informazioni e i materiali, le immagini nonch\u00e9 il relativo software, i marchi, i segni distintivi e gli altri contenuti e applicazioni (esclusi i marchi e prodotti\u00a0di propriet\u00e0 esclusiva)\u00a0presenti sul Sito sono di propriet\u00e0 Ciasa Weber e debbono ritenersi protetti da diritti d\u2019autore e\/o altri diritti di propriet\u00e0 intellettuale. E\u2019 consentito scaricare informazioni e materiale contenuti nel Sito\u00a0 a scopo esclusivamente personale ed a fini non commerciali. Non \u00e8 invece permesso distribuire, modificare, trasmettere riutilizzare, ripubblicare sul web o comunque utilizzare in qualsiasi modo il contenuto del presente sito per fini pubblici o commerciali a meno che non siano autorizzati da Ciasa Weber.<\/p>\n<ol start=\"3\">\n<li>Limitazioni di responsabilit\u00e0 \u2013 link \u2013 invio di informazioni e materiali<\/li>\n<\/ol>\n<p>L\u2019utilizzo e la navigazione nel Sito avviene sotto la completa responsabilit\u00e0 dell\u2019utente. Ciasa Weber non potr\u00e0 essere considerata responsabile per ogni e qualsiasi danno che dovesse derivare all\u2019utente dall\u2019accesso o da qualsivoglia utilizzo del Sito.\u00a0Ciasa Weber non assume alcuna responsabilit\u00e0 e pertanto non potr\u00e0 essere ritenuta responsabile per qualsiasi tipo di danno o virus che potesse derivare al computer o ad altra propriet\u00e0 dell\u2019utente a causa dell\u2019accesso al Sito, della navigazione nello stesso, dall\u2019utilizzo del materiale ivi contenuto o dallo scaricamento di materiali video e\/o audio, testi, immagini, informazioni, contenute nel Sito.\u00a0Ciasa Weber non fornisce alcuna garanzia in merito all\u2019accuratezza ed attualit\u00e0 delle informazioni e del materiale contenuto in questo Sito n\u00e9 si assume alcuna responsabilit\u00e0 in merito ad eventuali errori od omissioni ad esso relative. Ciasa Weber non assume alcuna responsabilit\u00e0 in relazione al contenuto di altri siti a cui sia eventualmente possibile accedere dal Sito attraverso \u201clink\u201d. Il collegamento ad altri siti o pagine di altri siti viene pertanto effettuato sotto la responsabilit\u00e0 dell\u2019utente.<\/p>\n<p>Ciasa Weber si riserva il diritto di monitorare o visionare ogni sezione interattiva del Sito. In ogni caso, Ciasa Weber non assume nessun obbligo in tal senso e non assume nessuna responsabilit\u00e0 in merito ai contenuti di tali sezioni del Sito. In particolare, non si assume nessuna responsabilit\u00e0 in merito alla presenza di materiali introdotti da terzi in tali sezioni che possano avere un contenuto contrario alla legge, diffamatorio, osceno, offensivo, ingiurioso, falso, pornografico, blasfemo, pericoloso, inaccurato, ecc. In ogni caso, all\u2019utente \u00e8 espressamente fatto divieto di postare o introdurre in tali sezioni del Sito e, pi\u00f9 in generale, in tutto il Sito, materiali del tipo sopra descritto o che comunque possa essere considerato in violazione delle leggi vigenti.<\/p>\n<ol start=\"4\">\n<li>Legge applicabile \u2013 giurisdizione \u2013 competenza<\/li>\n<\/ol>\n<p>Le presenti condizioni d\u2019uso e l\u2019uso del Sito sono regolate dalla legge italiana.<\/p>\n<p><strong>Come utilizziamo i cookie<\/strong><\/p>\n<p>Per potervi fornire servizi semplici utili \u00e8 affidabili \u00e8 necessario, in alcuni casi, riporre delle piccole informazioni sul vostro dispositivo, per esempio un computer o cellulare. Queste informazioni vengono immagazzinate in dei piccoli file conosciuti come cookie che non possono assolutamente essere utilizzati per identificarvi personalmente.<\/p>\n<p>Per saperne di pi\u00f9\u00a0e capire il funzionamento dei <a href=\"http:\/\/it.wikipedia.org\/wiki\/Cookie\" target=\"_blank\">cookie e capire cosa sono<\/a> vi invitiamo a visionare la pagina al <a href=\"cookie-policy.htm\">link<\/a>.<\/p>\n<p>Le informazioni che raccogliamo hanno il fine di migliorare i nostri servizi web e a permettere al nostro sito web\u00a0www.ciasaweber.com di funzionare correttamente. Alcuni esempi di come utilizziamo i cookie sono:<\/p>\n<ol>\n<li>Analizzare quante persone stanno utilizzando il nostro sito web per rendere pi\u00f9 facile l\u2019utilizzo dei servizi e delle informazioni correlate<\/li>\n<li>Misurare in maniera anonima i dati statistici cos\u00ec raccolti per migliorare la modalit\u00e0 d\u2019uso del sito nei confronti dell\u2019utenza<\/li>\n<\/ol>\n<p>I cookie che utilizziamo sul nostro sito internet sono cookie forniti da terzi e risiedono negli strumenti Internet di societ\u00e0 diverse dal nostro sito come ad esempio Google, proprietaria di cookie controllati dalla stessa.<\/p>\n<p>Per eliminare i cookie che possede in questo momento o modificarne la modalit\u00e0 di fruizione vi invitiamo a leggere la pagina <a href=\"http:\/\/www.fassacom.com\/cookie-policy\/\">sull\u2019Informativa estesa sull\u2019uso dei cookie<\/a>.<\/p>\n<p>* L\u2019eliminazione dei cookie o la disattivazione di futuri cookie potrebbe inficiare la possibilit\u00e0 di accedere a determinate pagine o ad alcune funzionalit\u00e0 del nostro sito internet.<\/p>\n<p>[\/vc_column_text][\/vc_column][\/vc_row]<\/p>\n<\/div>","protected":false},"excerpt":{"rendered":"<p>[vc_row][vc_column][vc_column_text] Il sito internet www.ciasaweber.com (il \u201cSito\u201d) \u00e8 di propriet\u00e0 di Ciasa Weber di K\u00f6ssler Christine \u2013 Strada Valentino Poschiavin &#8211; 38035 MOENA (TN) &#8211; info@ciasaweber.com &#8211; C.F. KSSCRS58R67A332X Condizioni LA PREGHIAMO DI LEGGERE ATTENTAMENTE QUESTI TERMINI D\u2019USO PRIMA DI UTILIZZARE IL SITO. Utilizzando il Sito Lei esprime il suo&#8230;<\/p>\n","protected":false},"author":2,"featured_media":0,"parent":0,"menu_order":0,"comment_status":"closed","ping_status":"open","template":"","meta":{"footnotes":""},"class_list":["post-3548","page","type-page","status-publish","hentry"],"_links":{"self":[{"href":"https:\/\/www.ciasaweber.com\/en\/wp-json\/wp\/v2\/pages\/3548","targetHints":{"allow":["GET"]}}],"collection":[{"href":"https:\/\/www.ciasaweber.com\/en\/wp-json\/wp\/v2\/pages"}],"about":[{"href":"https:\/\/www.ciasaweber.com\/en\/wp-json\/wp\/v2\/types\/page"}],"author":[{"embeddable":true,"href":"https:\/\/www.ciasaweber.com\/en\/wp-json\/wp\/v2\/users\/2"}],"replies":[{"embeddable":true,"href":"https:\/\/www.ciasaweber.com\/en\/wp-json\/wp\/v2\/comments?post=3548"}],"version-history":[{"count":0,"href":"https:\/\/www.ciasaweber.com\/en\/wp-json\/wp\/v2\/pages\/3548\/revisions"}],"wp:attachment":[{"href":"https:\/\/www.ciasaweber.com\/en\/wp-json\/wp\/v2\/media?parent=3548"}],"curies":[{"name":"wp","href":"https:\/\/api.w.org\/{rel}","templated":true}]}}