{"id":3552,"date":"2016-08-23T12:21:03","date_gmt":"2016-08-23T10:21:03","guid":{"rendered":"http:\/\/www.hotelpic.it\/en\/disclaimer\/"},"modified":"2016-08-23T12:21:03","modified_gmt":"2016-08-23T10:21:03","slug":"disclaimer","status":"publish","type":"page","link":"https:\/\/www.ciasaweber.com\/en\/disclaimer\/","title":{"rendered":"Disclaimer"},"content":{"rendered":"<div class=\"wpb-content-wrapper\"><p>[vc_row][vc_column][vc_column_text]<\/p>\n<p style=\"text-align: justify;\">Questo sito (www.ciasaweber.com) non rappresenta una testata giornalistica in quanto viene aggiornato a cadenza casuale, senza alcuna periodicit\u00e0. Non pu\u00f2 pertanto considerarsi un prodotto editoriale ai sensi della legge n. 62 del 7.03.2001.<\/p>\n<p style=\"text-align: justify;\">Il materiale reperito in rete \u00e8 stato ritenuto di pubblico dominio ed \u00e8 usato a scopo informativo e di approfondimento culturale. Chiunque ritenesse danneggiati i suoi diritti di autore dai contenuti di questo sito ci pu\u00f2 contattare per richiedere la rimozione di citazioni, frasi, immagini, video e altri elementi che siano di sua propriet\u00e0.<\/p>\n<p style=\"text-align: justify;\">Chiunque pu\u00f2\u00a0condividere quanto qui contenuto, alle seguenti condizioni: deve essere attribuita la paternit\u00e0 dell\u2019opera con link\u00a0e citazioni,\u00a0mentre se si altera o trasforma quest\u2019opera, o se la si usa per crearne un\u2019altra viene leso il diritto d\u2019autore ai sensi degli articoli 20 e seguenti ed 87 e seguenti della legge 633 del 22.4.41, per come modificato da DPR 19 del 8.1.79 e da DL 253 del 28.6.95.<\/p>\n<p>[\/vc_column_text][\/vc_column][\/vc_row]<\/p>\n<\/div>","protected":false},"excerpt":{"rendered":"<p>[vc_row][vc_column][vc_column_text] Questo sito (www.ciasaweber.com) non rappresenta una testata giornalistica in quanto viene aggiornato a cadenza casuale, senza alcuna periodicit\u00e0. Non pu\u00f2 pertanto considerarsi un prodotto editoriale ai sensi della legge n. 62 del 7.03.2001. Il materiale reperito in rete \u00e8 stato ritenuto di pubblico dominio ed \u00e8 usato a scopo&#8230;<\/p>\n","protected":false},"author":2,"featured_media":0,"parent":0,"menu_order":0,"comment_status":"closed","ping_status":"open","template":"","meta":{"footnotes":""},"class_list":["post-3552","page","type-page","status-publish","hentry"],"_links":{"self":[{"href":"https:\/\/www.ciasaweber.com\/en\/wp-json\/wp\/v2\/pages\/3552","targetHints":{"allow":["GET"]}}],"collection":[{"href":"https:\/\/www.ciasaweber.com\/en\/wp-json\/wp\/v2\/pages"}],"about":[{"href":"https:\/\/www.ciasaweber.com\/en\/wp-json\/wp\/v2\/types\/page"}],"author":[{"embeddable":true,"href":"https:\/\/www.ciasaweber.com\/en\/wp-json\/wp\/v2\/users\/2"}],"replies":[{"embeddable":true,"href":"https:\/\/www.ciasaweber.com\/en\/wp-json\/wp\/v2\/comments?post=3552"}],"version-history":[{"count":0,"href":"https:\/\/www.ciasaweber.com\/en\/wp-json\/wp\/v2\/pages\/3552\/revisions"}],"wp:attachment":[{"href":"https:\/\/www.ciasaweber.com\/en\/wp-json\/wp\/v2\/media?parent=3552"}],"curies":[{"name":"wp","href":"https:\/\/api.w.org\/{rel}","templated":true}]}}